{"id":8522,"date":"2022-03-07T15:43:10","date_gmt":"2022-03-07T14:43:10","guid":{"rendered":"https:\/\/www.heronaviation.com\/servicios\/"},"modified":"2025-04-17T15:16:09","modified_gmt":"2025-04-17T13:16:09","slug":"servicios","status":"publish","type":"page","link":"https:\/\/www.heronaviation.com\/es\/servicios\/","title":{"rendered":"Servicios"},"content":{"rendered":"\t\t<div data-elementor-type=\"wp-page\" data-elementor-id=\"8522\" class=\"elementor elementor-8522 elementor-147\" data-elementor-post-type=\"page\">\n\t\t\t\t\t\t<section class=\"elementor-section elementor-top-section elementor-element elementor-element-ac5e551 elementor-section-height-min-height elementor-section-boxed elementor-section-height-default elementor-section-items-middle\" data-id=\"ac5e551\" data-element_type=\"section\" data-settings=\"{&quot;background_background&quot;:&quot;classic&quot;,&quot;jet_parallax_layout_list&quot;:[{&quot;jet_parallax_layout_image&quot;:{&quot;url&quot;:&quot;&quot;,&quot;id&quot;:&quot;&quot;,&quot;size&quot;:&quot;&quot;},&quot;_id&quot;:&quot;559d8f8&quot;,&quot;jet_parallax_layout_image_tablet&quot;:{&quot;url&quot;:&quot;&quot;,&quot;id&quot;:&quot;&quot;,&quot;size&quot;:&quot;&quot;},&quot;jet_parallax_layout_image_mobile&quot;:{&quot;url&quot;:&quot;&quot;,&quot;id&quot;:&quot;&quot;,&quot;size&quot;:&quot;&quot;},&quot;jet_parallax_layout_speed&quot;:{&quot;unit&quot;:&quot;%&quot;,&quot;size&quot;:50,&quot;sizes&quot;:[]},&quot;jet_parallax_layout_type&quot;:&quot;scroll&quot;,&quot;jet_parallax_layout_direction&quot;:&quot;1&quot;,&quot;jet_parallax_layout_fx_direction&quot;:null,&quot;jet_parallax_layout_z_index&quot;:&quot;&quot;,&quot;jet_parallax_layout_bg_x&quot;:50,&quot;jet_parallax_layout_bg_x_tablet&quot;:&quot;&quot;,&quot;jet_parallax_layout_bg_x_mobile&quot;:&quot;&quot;,&quot;jet_parallax_layout_bg_y&quot;:50,&quot;jet_parallax_layout_bg_y_tablet&quot;:&quot;&quot;,&quot;jet_parallax_layout_bg_y_mobile&quot;:&quot;&quot;,&quot;jet_parallax_layout_bg_size&quot;:&quot;auto&quot;,&quot;jet_parallax_layout_bg_size_tablet&quot;:&quot;&quot;,&quot;jet_parallax_layout_bg_size_mobile&quot;:&quot;&quot;,&quot;jet_parallax_layout_animation_prop&quot;:&quot;transform&quot;,&quot;jet_parallax_layout_on&quot;:[&quot;desktop&quot;,&quot;tablet&quot;]}]}\">\n\t\t\t\t\t\t\t<div class=\"elementor-background-overlay\"><\/div>\n\t\t\t\t\t\t\t<div class=\"elementor-container elementor-column-gap-wider\">\n\t\t\t\t\t<div class=\"elementor-column elementor-col-50 elementor-top-column elementor-element elementor-element-d2759b9\" data-id=\"d2759b9\" data-element_type=\"column\">\n\t\t\t<div class=\"elementor-widget-wrap elementor-element-populated\">\n\t\t\t\t\t\t<div class=\"elementor-element elementor-element-5717a45 elementor-widget elementor-widget-heading\" data-id=\"5717a45\" data-element_type=\"widget\" data-widget_type=\"heading.default\">\n\t\t\t\t<div class=\"elementor-widget-container\">\n\t\t\t\t\t<h2 class=\"elementor-heading-title elementor-size-default\">Servicios<\/h2>\t\t\t\t<\/div>\n\t\t\t\t<\/div>\n\t\t\t\t<div class=\"elementor-element elementor-element-a56e9a4 elementor-widget elementor-widget-text-editor\" data-id=\"a56e9a4\" data-element_type=\"widget\" data-widget_type=\"text-editor.default\">\n\t\t\t\t<div class=\"elementor-widget-container\">\n\t\t\t\t\t\t\t\t\t<p>Confianza, seguridad y discreci\u00f3n. Estos son los valores principales de nuestra compa\u00f1\u00eda y sobre los que se basan las relaciones con nuestros clientes. La transparencia es otra de las caracter\u00edsticas del equipo Heron Aviation.<\/p>\n\t\t\t\t\t\t\t\t<\/div>\n\t\t\t\t<\/div>\n\t\t\t\t\t<\/div>\n\t\t<\/div>\n\t\t\t\t<div class=\"elementor-column elementor-col-50 elementor-top-column elementor-element elementor-element-49ef277\" data-id=\"49ef277\" data-element_type=\"column\">\n\t\t\t<div class=\"elementor-widget-wrap elementor-element-populated\">\n\t\t\t\t\t\t<div class=\"elementor-element elementor-element-36e631b elementor-widget elementor-widget-image\" data-id=\"36e631b\" data-element_type=\"widget\" data-widget_type=\"image.default\">\n\t\t\t\t<div class=\"elementor-widget-container\">\n\t\t\t\t\t\t\t\t\t\t\t\t\t\t\t<img fetchpriority=\"high\" decoding=\"async\" width=\"800\" height=\"600\" src=\"https:\/\/www.heronaviation.com\/wp-content\/uploads\/2025\/04\/Mid-Cabin-3-D-ALDG-scaled-1-1024x768.jpeg\" class=\"attachment-large size-large wp-image-13450\" alt=\"\" srcset=\"https:\/\/www.heronaviation.com\/wp-content\/uploads\/2025\/04\/Mid-Cabin-3-D-ALDG-scaled-1-1024x768.jpeg 1024w, https:\/\/www.heronaviation.com\/wp-content\/uploads\/2025\/04\/Mid-Cabin-3-D-ALDG-scaled-1-300x225.jpeg 300w, https:\/\/www.heronaviation.com\/wp-content\/uploads\/2025\/04\/Mid-Cabin-3-D-ALDG-scaled-1-768x576.jpeg 768w, https:\/\/www.heronaviation.com\/wp-content\/uploads\/2025\/04\/Mid-Cabin-3-D-ALDG-scaled-1-1536x1152.jpeg 1536w, https:\/\/www.heronaviation.com\/wp-content\/uploads\/2025\/04\/Mid-Cabin-3-D-ALDG-scaled-1.jpeg 1920w\" sizes=\"(max-width: 800px) 100vw, 800px\" \/>\t\t\t\t\t\t\t\t\t\t\t\t\t\t\t<\/div>\n\t\t\t\t<\/div>\n\t\t\t\t\t<\/div>\n\t\t<\/div>\n\t\t\t\t\t<\/div>\n\t\t<\/section>\n\t\t\t\t<section class=\"elementor-section elementor-top-section elementor-element elementor-element-aa51151 elementor-section-height-min-height elementor-section-boxed elementor-section-height-default elementor-section-items-middle\" data-id=\"aa51151\" data-element_type=\"section\" data-settings=\"{&quot;background_background&quot;:&quot;classic&quot;,&quot;jet_parallax_layout_list&quot;:[{&quot;jet_parallax_layout_image&quot;:{&quot;url&quot;:&quot;&quot;,&quot;id&quot;:&quot;&quot;,&quot;size&quot;:&quot;&quot;},&quot;_id&quot;:&quot;b224bb1&quot;,&quot;jet_parallax_layout_image_tablet&quot;:{&quot;url&quot;:&quot;&quot;,&quot;id&quot;:&quot;&quot;,&quot;size&quot;:&quot;&quot;},&quot;jet_parallax_layout_image_mobile&quot;:{&quot;url&quot;:&quot;&quot;,&quot;id&quot;:&quot;&quot;,&quot;size&quot;:&quot;&quot;},&quot;jet_parallax_layout_speed&quot;:{&quot;unit&quot;:&quot;%&quot;,&quot;size&quot;:50,&quot;sizes&quot;:[]},&quot;jet_parallax_layout_type&quot;:&quot;scroll&quot;,&quot;jet_parallax_layout_direction&quot;:&quot;1&quot;,&quot;jet_parallax_layout_fx_direction&quot;:null,&quot;jet_parallax_layout_z_index&quot;:&quot;&quot;,&quot;jet_parallax_layout_bg_x&quot;:50,&quot;jet_parallax_layout_bg_x_tablet&quot;:&quot;&quot;,&quot;jet_parallax_layout_bg_x_mobile&quot;:&quot;&quot;,&quot;jet_parallax_layout_bg_y&quot;:50,&quot;jet_parallax_layout_bg_y_tablet&quot;:&quot;&quot;,&quot;jet_parallax_layout_bg_y_mobile&quot;:&quot;&quot;,&quot;jet_parallax_layout_bg_size&quot;:&quot;auto&quot;,&quot;jet_parallax_layout_bg_size_tablet&quot;:&quot;&quot;,&quot;jet_parallax_layout_bg_size_mobile&quot;:&quot;&quot;,&quot;jet_parallax_layout_animation_prop&quot;:&quot;transform&quot;,&quot;jet_parallax_layout_on&quot;:[&quot;desktop&quot;,&quot;tablet&quot;]}]}\">\n\t\t\t\t\t\t<div class=\"elementor-container elementor-column-gap-default\">\n\t\t\t\t\t<div class=\"elementor-column elementor-col-100 elementor-top-column elementor-element elementor-element-022de80\" data-id=\"022de80\" data-element_type=\"column\">\n\t\t\t<div class=\"elementor-widget-wrap elementor-element-populated\">\n\t\t\t\t\t\t<div class=\"elementor-element elementor-element-5641787 elementor-widget elementor-widget-breadcrumbs\" data-id=\"5641787\" data-element_type=\"widget\" data-widget_type=\"breadcrumbs.default\">\n\t\t\t\t<div class=\"elementor-widget-container\">\n\t\t\t\t\t<p id=\"breadcrumbs\"><span><span><a href=\"https:\/\/www.heronaviation.com\/es\/\">P\u00e1gina Inicial<\/a><\/span><\/span><\/p>\t\t\t\t<\/div>\n\t\t\t\t<\/div>\n\t\t\t\t\t<\/div>\n\t\t<\/div>\n\t\t\t\t\t<\/div>\n\t\t<\/section>\n\t\t\t\t<section class=\"elementor-section elementor-top-section elementor-element elementor-element-9b57b48 services elementor-section-boxed elementor-section-height-default elementor-section-height-default\" data-id=\"9b57b48\" data-element_type=\"section\" data-settings=\"{&quot;jet_parallax_layout_list&quot;:[{&quot;jet_parallax_layout_image&quot;:{&quot;url&quot;:&quot;&quot;,&quot;id&quot;:&quot;&quot;,&quot;size&quot;:&quot;&quot;},&quot;_id&quot;:&quot;e515ea0&quot;,&quot;jet_parallax_layout_image_tablet&quot;:{&quot;url&quot;:&quot;&quot;,&quot;id&quot;:&quot;&quot;,&quot;size&quot;:&quot;&quot;},&quot;jet_parallax_layout_image_mobile&quot;:{&quot;url&quot;:&quot;&quot;,&quot;id&quot;:&quot;&quot;,&quot;size&quot;:&quot;&quot;},&quot;jet_parallax_layout_speed&quot;:{&quot;unit&quot;:&quot;%&quot;,&quot;size&quot;:50,&quot;sizes&quot;:[]},&quot;jet_parallax_layout_type&quot;:&quot;scroll&quot;,&quot;jet_parallax_layout_direction&quot;:&quot;1&quot;,&quot;jet_parallax_layout_fx_direction&quot;:null,&quot;jet_parallax_layout_z_index&quot;:&quot;&quot;,&quot;jet_parallax_layout_bg_x&quot;:50,&quot;jet_parallax_layout_bg_x_tablet&quot;:&quot;&quot;,&quot;jet_parallax_layout_bg_x_mobile&quot;:&quot;&quot;,&quot;jet_parallax_layout_bg_y&quot;:50,&quot;jet_parallax_layout_bg_y_tablet&quot;:&quot;&quot;,&quot;jet_parallax_layout_bg_y_mobile&quot;:&quot;&quot;,&quot;jet_parallax_layout_bg_size&quot;:&quot;auto&quot;,&quot;jet_parallax_layout_bg_size_tablet&quot;:&quot;&quot;,&quot;jet_parallax_layout_bg_size_mobile&quot;:&quot;&quot;,&quot;jet_parallax_layout_animation_prop&quot;:&quot;transform&quot;,&quot;jet_parallax_layout_on&quot;:[&quot;desktop&quot;,&quot;tablet&quot;]}]}\">\n\t\t\t\t\t\t\t<div class=\"elementor-background-overlay\"><\/div>\n\t\t\t\t\t\t\t<div class=\"elementor-container elementor-column-gap-wider\">\n\t\t\t\t\t<div class=\"elementor-column elementor-col-50 elementor-top-column elementor-element elementor-element-7589522\" data-id=\"7589522\" data-element_type=\"column\">\n\t\t\t<div class=\"elementor-widget-wrap elementor-element-populated\">\n\t\t\t\t\t\t<div class=\"elementor-element elementor-element-c28b3b0 elementor-cta--skin-cover elementor-cta--valign-bottom elementor-bg-transform elementor-bg-transform-zoom-out elementor-animated-content elementor-widget elementor-widget-call-to-action\" data-id=\"c28b3b0\" data-element_type=\"widget\" data-widget_type=\"call-to-action.default\">\n\t\t\t\t<div class=\"elementor-widget-container\">\n\t\t\t\t\t\t\t<a class=\"elementor-cta\" href=\"https:\/\/www.heronaviation.com\/es\/servicios\/gestion-de-aeronaves\/\">\n\t\t\t\t\t<div class=\"elementor-cta__bg-wrapper\">\n\t\t\t\t<div class=\"elementor-cta__bg elementor-bg\" style=\"background-image: url(https:\/\/www.heronaviation.com\/wp-content\/uploads\/2021\/11\/PHOTO-2020-07-31-18-10-11-1024x625.jpg);\" role=\"img\" aria-label=\"Flugzeug steht auf dem Flugplatz\"><\/div>\n\t\t\t\t<div class=\"elementor-cta__bg-overlay\"><\/div>\n\t\t\t<\/div>\n\t\t\t\t\t\t\t<div class=\"elementor-cta__content\">\n\t\t\t\t\n\t\t\t\t\t\t\t\t\t<h2 class=\"elementor-cta__title elementor-cta__content-item elementor-content-item elementor-animated-item--move-up\">\n\t\t\t\t\t\tGesti\u00f3n de aeronaves\t\t\t\t\t<\/h2>\n\t\t\t\t\n\t\t\t\t\n\t\t\t\t\t\t\t<\/div>\n\t\t\t\t\t\t<\/a>\n\t\t\t\t\t\t<\/div>\n\t\t\t\t<\/div>\n\t\t\t\t<div class=\"elementor-element elementor-element-4b77b47 elementor-cta--skin-cover elementor-cta--valign-bottom elementor-bg-transform elementor-bg-transform-zoom-out elementor-animated-content elementor-widget elementor-widget-call-to-action\" data-id=\"4b77b47\" data-element_type=\"widget\" data-widget_type=\"call-to-action.default\">\n\t\t\t\t<div class=\"elementor-widget-container\">\n\t\t\t\t\t\t\t<a class=\"elementor-cta\" href=\"https:\/\/www.heronaviation.com\/es\/servicios\/charter\/\">\n\t\t\t\t\t<div class=\"elementor-cta__bg-wrapper\">\n\t\t\t\t<div class=\"elementor-cta__bg elementor-bg\" style=\"background-image: url(https:\/\/www.heronaviation.com\/wp-content\/uploads\/2025\/04\/Easter-Greetings-Falcon-8X-2025-1024x767.jpg);\" role=\"img\" aria-label=\"Flugzeug steht auf dem Flugplatz\"><\/div>\n\t\t\t\t<div class=\"elementor-cta__bg-overlay\"><\/div>\n\t\t\t<\/div>\n\t\t\t\t\t\t\t<div class=\"elementor-cta__content\">\n\t\t\t\t\n\t\t\t\t\t\t\t\t\t<h2 class=\"elementor-cta__title elementor-cta__content-item elementor-content-item elementor-animated-item--move-up\">\n\t\t\t\t\t\tCharter\t\t\t\t\t<\/h2>\n\t\t\t\t\n\t\t\t\t\n\t\t\t\t\t\t\t<\/div>\n\t\t\t\t\t\t<\/a>\n\t\t\t\t\t\t<\/div>\n\t\t\t\t<\/div>\n\t\t\t\t<div class=\"elementor-element elementor-element-6b87ac2 elementor-cta--skin-cover elementor-cta--valign-bottom elementor-bg-transform elementor-bg-transform-zoom-out elementor-animated-content elementor-widget elementor-widget-call-to-action\" data-id=\"6b87ac2\" data-element_type=\"widget\" data-widget_type=\"call-to-action.default\">\n\t\t\t\t<div class=\"elementor-widget-container\">\n\t\t\t\t\t\t\t<a class=\"elementor-cta\" href=\"https:\/\/www.heronaviation.com\/es\/servicios\/mantenimiento-de-aeronaves\/\">\n\t\t\t\t\t<div class=\"elementor-cta__bg-wrapper\">\n\t\t\t\t<div class=\"elementor-cta__bg elementor-bg\" style=\"background-image: url(https:\/\/www.heronaviation.com\/wp-content\/uploads\/2021\/11\/AdobeStock_67083911-1024x678.jpeg);\" role=\"img\" aria-label=\"F\"><\/div>\n\t\t\t\t<div class=\"elementor-cta__bg-overlay\"><\/div>\n\t\t\t<\/div>\n\t\t\t\t\t\t\t<div class=\"elementor-cta__content\">\n\t\t\t\t\n\t\t\t\t\t\t\t\t\t<h2 class=\"elementor-cta__title elementor-cta__content-item elementor-content-item elementor-animated-item--move-up\">\n\t\t\t\t\t\tMantenimiento de aeronaves\t\t\t\t\t<\/h2>\n\t\t\t\t\n\t\t\t\t\n\t\t\t\t\t\t\t<\/div>\n\t\t\t\t\t\t<\/a>\n\t\t\t\t\t\t<\/div>\n\t\t\t\t<\/div>\n\t\t\t\t\t<\/div>\n\t\t<\/div>\n\t\t\t\t<div class=\"elementor-column elementor-col-50 elementor-top-column elementor-element elementor-element-c0924e3\" data-id=\"c0924e3\" data-element_type=\"column\">\n\t\t\t<div class=\"elementor-widget-wrap elementor-element-populated\">\n\t\t\t\t\t\t<div class=\"elementor-element elementor-element-a0afd89 elementor-cta--skin-cover elementor-cta--valign-bottom elementor-bg-transform elementor-bg-transform-zoom-out elementor-animated-content elementor-widget elementor-widget-call-to-action\" data-id=\"a0afd89\" data-element_type=\"widget\" data-widget_type=\"call-to-action.default\">\n\t\t\t\t<div class=\"elementor-widget-container\">\n\t\t\t\t\t\t\t<a class=\"elementor-cta\" href=\"https:\/\/www.heronaviation.com\/es\/servicios\/compra-de-aeronaves\/\">\n\t\t\t\t\t<div class=\"elementor-cta__bg-wrapper\">\n\t\t\t\t<div class=\"elementor-cta__bg elementor-bg\" style=\"background-image: url(https:\/\/www.heronaviation.com\/wp-content\/uploads\/2021\/11\/Bildschirmfoto-2021-11-16-um-23.01.49-1024x461.png);\" role=\"img\" aria-label=\"We deliver discretion at HERON AVIATION\"><\/div>\n\t\t\t\t<div class=\"elementor-cta__bg-overlay\"><\/div>\n\t\t\t<\/div>\n\t\t\t\t\t\t\t<div class=\"elementor-cta__content\">\n\t\t\t\t\n\t\t\t\t\t\t\t\t\t<h2 class=\"elementor-cta__title elementor-cta__content-item elementor-content-item elementor-animated-item--move-up\">\n\t\t\t\t\t\tCompra de aeronaves\t\t\t\t\t<\/h2>\n\t\t\t\t\n\t\t\t\t\n\t\t\t\t\t\t\t<\/div>\n\t\t\t\t\t\t<\/a>\n\t\t\t\t\t\t<\/div>\n\t\t\t\t<\/div>\n\t\t\t\t<div class=\"elementor-element elementor-element-0381c22 elementor-cta--skin-cover elementor-cta--valign-bottom elementor-bg-transform elementor-bg-transform-zoom-out elementor-animated-content elementor-widget elementor-widget-call-to-action\" data-id=\"0381c22\" data-element_type=\"widget\" data-widget_type=\"call-to-action.default\">\n\t\t\t\t<div class=\"elementor-widget-container\">\n\t\t\t\t\t\t\t<a class=\"elementor-cta\" href=\"https:\/\/www.heronaviation.com\/es\/servicios\/venta-de-aeronaves\/\">\n\t\t\t\t\t<div class=\"elementor-cta__bg-wrapper\">\n\t\t\t\t<div class=\"elementor-cta__bg elementor-bg\" style=\"background-image: url(https:\/\/www.heronaviation.com\/wp-content\/uploads\/2021\/11\/dahrnseite.jpeg);\" role=\"img\" aria-label=\"dahrnseite\"><\/div>\n\t\t\t\t<div class=\"elementor-cta__bg-overlay\"><\/div>\n\t\t\t<\/div>\n\t\t\t\t\t\t\t<div class=\"elementor-cta__content\">\n\t\t\t\t\n\t\t\t\t\t\t\t\t\t<h2 class=\"elementor-cta__title elementor-cta__content-item elementor-content-item elementor-animated-item--move-up\">\n\t\t\t\t\t\tVenta de aeronaves\t\t\t\t\t<\/h2>\n\t\t\t\t\n\t\t\t\t\n\t\t\t\t\t\t\t<\/div>\n\t\t\t\t\t\t<\/a>\n\t\t\t\t\t\t<\/div>\n\t\t\t\t<\/div>\n\t\t\t\t\t<\/div>\n\t\t<\/div>\n\t\t\t\t\t<\/div>\n\t\t<\/section>\n\t\t\t\t<\/div>\n\t\t","protected":false},"excerpt":{"rendered":"<p>Confianza, seguridad y discreci\u00f3n. Estos son los valores principales de nuestra compa\u00f1\u00eda y sobre los que se basan las relaciones con nuestros clientes. La transparencia es otra de las caracter\u00edsticas del equipo Heron Aviation. Gesti\u00f3n de aeronaves Charter Mantenimiento de aeronaves Compra de aeronaves Venta de aeronaves<\/p>\n","protected":false},"author":9,"featured_media":11821,"parent":0,"menu_order":0,"comment_status":"closed","ping_status":"closed","template":"elementor_theme","meta":{"_acf_changed":false,"footnotes":""},"class_list":["post-8522","page","type-page","status-publish","has-post-thumbnail","hentry"],"acf":[],"yoast_head":"<!-- This site is optimized with the Yoast SEO Premium plugin v25.9 (Yoast SEO v27.4) - https:\/\/yoast.com\/product\/yoast-seo-premium-wordpress\/ -->\n<title>Servicios - Heron Aviation<\/title>\n<meta name=\"robots\" content=\"index, follow, max-snippet:-1, max-image-preview:large, max-video-preview:-1\" \/>\n<link rel=\"canonical\" href=\"https:\/\/www.heronaviation.com\/es\/servicios\/\" \/>\n<meta property=\"og:locale\" content=\"es_ES\" \/>\n<meta property=\"og:type\" content=\"article\" \/>\n<meta property=\"og:title\" content=\"Servicios\" \/>\n<meta property=\"og:description\" content=\"Confianza, seguridad y discreci\u00f3n. Estos son los valores principales de nuestra compa\u00f1\u00eda y sobre los que se basan las relaciones con nuestros clientes. La transparencia es otra de las caracter\u00edsticas del equipo Heron Aviation. Gesti\u00f3n de aeronaves Charter Mantenimiento de aeronaves Compra de aeronaves Venta de aeronaves\" \/>\n<meta property=\"og:url\" content=\"https:\/\/www.heronaviation.com\/es\/servicios\/\" \/>\n<meta property=\"og:site_name\" content=\"Heron Aviation\" \/>\n<meta property=\"article:modified_time\" content=\"2025-04-17T13:16:09+00:00\" \/>\n<meta property=\"og:image\" content=\"https:\/\/www.heronaviation.com\/wp-content\/uploads\/2024\/07\/Mid-Cabin-3-D-ALDG-scaled.jpeg\" \/>\n\t<meta property=\"og:image:width\" content=\"1920\" \/>\n\t<meta property=\"og:image:height\" content=\"1440\" \/>\n\t<meta property=\"og:image:type\" content=\"image\/jpeg\" \/>\n<meta name=\"twitter:card\" content=\"summary_large_image\" \/>\n<meta name=\"twitter:label1\" content=\"Tiempo de lectura\" \/>\n\t<meta name=\"twitter:data1\" content=\"1 minuto\" \/>\n<script type=\"application\/ld+json\" class=\"yoast-schema-graph\">{\"@context\":\"https:\\\/\\\/schema.org\",\"@graph\":[{\"@type\":\"WebPage\",\"@id\":\"https:\\\/\\\/www.heronaviation.com\\\/es\\\/servicios\\\/\",\"url\":\"https:\\\/\\\/www.heronaviation.com\\\/es\\\/servicios\\\/\",\"name\":\"Servicios - Heron Aviation\",\"isPartOf\":{\"@id\":\"https:\\\/\\\/www.heronaviation.com\\\/es\\\/#website\"},\"primaryImageOfPage\":{\"@id\":\"https:\\\/\\\/www.heronaviation.com\\\/es\\\/servicios\\\/#primaryimage\"},\"image\":{\"@id\":\"https:\\\/\\\/www.heronaviation.com\\\/es\\\/servicios\\\/#primaryimage\"},\"thumbnailUrl\":\"https:\\\/\\\/www.heronaviation.com\\\/wp-content\\\/uploads\\\/2024\\\/07\\\/Mid-Cabin-3-D-ALDG-scaled.jpeg\",\"datePublished\":\"2022-03-07T14:43:10+00:00\",\"dateModified\":\"2025-04-17T13:16:09+00:00\",\"breadcrumb\":{\"@id\":\"https:\\\/\\\/www.heronaviation.com\\\/es\\\/servicios\\\/#breadcrumb\"},\"inLanguage\":\"es\",\"potentialAction\":[{\"@type\":\"ReadAction\",\"target\":[\"https:\\\/\\\/www.heronaviation.com\\\/es\\\/servicios\\\/\"]}]},{\"@type\":\"ImageObject\",\"inLanguage\":\"es\",\"@id\":\"https:\\\/\\\/www.heronaviation.com\\\/es\\\/servicios\\\/#primaryimage\",\"url\":\"https:\\\/\\\/www.heronaviation.com\\\/wp-content\\\/uploads\\\/2024\\\/07\\\/Mid-Cabin-3-D-ALDG-scaled.jpeg\",\"contentUrl\":\"https:\\\/\\\/www.heronaviation.com\\\/wp-content\\\/uploads\\\/2024\\\/07\\\/Mid-Cabin-3-D-ALDG-scaled.jpeg\",\"width\":1920,\"height\":1440},{\"@type\":\"BreadcrumbList\",\"@id\":\"https:\\\/\\\/www.heronaviation.com\\\/es\\\/servicios\\\/#breadcrumb\",\"itemListElement\":[{\"@type\":\"ListItem\",\"position\":1,\"name\":\"P\u00e1gina Inicial\",\"item\":\"https:\\\/\\\/www.heronaviation.com\\\/es\\\/\"},{\"@type\":\"ListItem\",\"position\":2,\"name\":\"Servicios\"}]},{\"@type\":\"WebSite\",\"@id\":\"https:\\\/\\\/www.heronaviation.com\\\/es\\\/#website\",\"url\":\"https:\\\/\\\/www.heronaviation.com\\\/es\\\/\",\"name\":\"Heron Aviation\",\"description\":\"Discretion, Safety, Trust\",\"publisher\":{\"@id\":\"https:\\\/\\\/www.heronaviation.com\\\/es\\\/#organization\"},\"potentialAction\":[{\"@type\":\"SearchAction\",\"target\":{\"@type\":\"EntryPoint\",\"urlTemplate\":\"https:\\\/\\\/www.heronaviation.com\\\/es\\\/?s={search_term_string}\"},\"query-input\":{\"@type\":\"PropertyValueSpecification\",\"valueRequired\":true,\"valueName\":\"search_term_string\"}}],\"inLanguage\":\"es\"},{\"@type\":\"Organization\",\"@id\":\"https:\\\/\\\/www.heronaviation.com\\\/es\\\/#organization\",\"name\":\"Heron Aviation GmbH\",\"url\":\"https:\\\/\\\/www.heronaviation.com\\\/es\\\/\",\"logo\":{\"@type\":\"ImageObject\",\"inLanguage\":\"es\",\"@id\":\"https:\\\/\\\/www.heronaviation.com\\\/es\\\/#\\\/schema\\\/logo\\\/image\\\/\",\"url\":\"https:\\\/\\\/www.heronaviation.com\\\/wp-content\\\/uploads\\\/2021\\\/05\\\/cropped-Heron-Logo-Transparent-1.png\",\"contentUrl\":\"https:\\\/\\\/www.heronaviation.com\\\/wp-content\\\/uploads\\\/2021\\\/05\\\/cropped-Heron-Logo-Transparent-1.png\",\"width\":934,\"height\":267,\"caption\":\"Heron Aviation GmbH\"},\"image\":{\"@id\":\"https:\\\/\\\/www.heronaviation.com\\\/es\\\/#\\\/schema\\\/logo\\\/image\\\/\"}}]}<\/script>\n<!-- \/ Yoast SEO Premium plugin. -->","yoast_head_json":{"title":"Servicios - Heron Aviation","robots":{"index":"index","follow":"follow","max-snippet":"max-snippet:-1","max-image-preview":"max-image-preview:large","max-video-preview":"max-video-preview:-1"},"canonical":"https:\/\/www.heronaviation.com\/es\/servicios\/","og_locale":"es_ES","og_type":"article","og_title":"Servicios","og_description":"Confianza, seguridad y discreci\u00f3n. Estos son los valores principales de nuestra compa\u00f1\u00eda y sobre los que se basan las relaciones con nuestros clientes. La transparencia es otra de las caracter\u00edsticas del equipo Heron Aviation. Gesti\u00f3n de aeronaves Charter Mantenimiento de aeronaves Compra de aeronaves Venta de aeronaves","og_url":"https:\/\/www.heronaviation.com\/es\/servicios\/","og_site_name":"Heron Aviation","article_modified_time":"2025-04-17T13:16:09+00:00","og_image":[{"width":1920,"height":1440,"url":"https:\/\/www.heronaviation.com\/wp-content\/uploads\/2024\/07\/Mid-Cabin-3-D-ALDG-scaled.jpeg","type":"image\/jpeg"}],"twitter_card":"summary_large_image","twitter_misc":{"Tiempo de lectura":"1 minuto"},"schema":{"@context":"https:\/\/schema.org","@graph":[{"@type":"WebPage","@id":"https:\/\/www.heronaviation.com\/es\/servicios\/","url":"https:\/\/www.heronaviation.com\/es\/servicios\/","name":"Servicios - Heron Aviation","isPartOf":{"@id":"https:\/\/www.heronaviation.com\/es\/#website"},"primaryImageOfPage":{"@id":"https:\/\/www.heronaviation.com\/es\/servicios\/#primaryimage"},"image":{"@id":"https:\/\/www.heronaviation.com\/es\/servicios\/#primaryimage"},"thumbnailUrl":"https:\/\/www.heronaviation.com\/wp-content\/uploads\/2024\/07\/Mid-Cabin-3-D-ALDG-scaled.jpeg","datePublished":"2022-03-07T14:43:10+00:00","dateModified":"2025-04-17T13:16:09+00:00","breadcrumb":{"@id":"https:\/\/www.heronaviation.com\/es\/servicios\/#breadcrumb"},"inLanguage":"es","potentialAction":[{"@type":"ReadAction","target":["https:\/\/www.heronaviation.com\/es\/servicios\/"]}]},{"@type":"ImageObject","inLanguage":"es","@id":"https:\/\/www.heronaviation.com\/es\/servicios\/#primaryimage","url":"https:\/\/www.heronaviation.com\/wp-content\/uploads\/2024\/07\/Mid-Cabin-3-D-ALDG-scaled.jpeg","contentUrl":"https:\/\/www.heronaviation.com\/wp-content\/uploads\/2024\/07\/Mid-Cabin-3-D-ALDG-scaled.jpeg","width":1920,"height":1440},{"@type":"BreadcrumbList","@id":"https:\/\/www.heronaviation.com\/es\/servicios\/#breadcrumb","itemListElement":[{"@type":"ListItem","position":1,"name":"P\u00e1gina Inicial","item":"https:\/\/www.heronaviation.com\/es\/"},{"@type":"ListItem","position":2,"name":"Servicios"}]},{"@type":"WebSite","@id":"https:\/\/www.heronaviation.com\/es\/#website","url":"https:\/\/www.heronaviation.com\/es\/","name":"Heron Aviation","description":"Discretion, Safety, Trust","publisher":{"@id":"https:\/\/www.heronaviation.com\/es\/#organization"},"potentialAction":[{"@type":"SearchAction","target":{"@type":"EntryPoint","urlTemplate":"https:\/\/www.heronaviation.com\/es\/?s={search_term_string}"},"query-input":{"@type":"PropertyValueSpecification","valueRequired":true,"valueName":"search_term_string"}}],"inLanguage":"es"},{"@type":"Organization","@id":"https:\/\/www.heronaviation.com\/es\/#organization","name":"Heron Aviation GmbH","url":"https:\/\/www.heronaviation.com\/es\/","logo":{"@type":"ImageObject","inLanguage":"es","@id":"https:\/\/www.heronaviation.com\/es\/#\/schema\/logo\/image\/","url":"https:\/\/www.heronaviation.com\/wp-content\/uploads\/2021\/05\/cropped-Heron-Logo-Transparent-1.png","contentUrl":"https:\/\/www.heronaviation.com\/wp-content\/uploads\/2021\/05\/cropped-Heron-Logo-Transparent-1.png","width":934,"height":267,"caption":"Heron Aviation GmbH"},"image":{"@id":"https:\/\/www.heronaviation.com\/es\/#\/schema\/logo\/image\/"}}]}},"_links":{"self":[{"href":"https:\/\/www.heronaviation.com\/es\/wp-json\/wp\/v2\/pages\/8522","targetHints":{"allow":["GET"]}}],"collection":[{"href":"https:\/\/www.heronaviation.com\/es\/wp-json\/wp\/v2\/pages"}],"about":[{"href":"https:\/\/www.heronaviation.com\/es\/wp-json\/wp\/v2\/types\/page"}],"author":[{"embeddable":true,"href":"https:\/\/www.heronaviation.com\/es\/wp-json\/wp\/v2\/users\/9"}],"replies":[{"embeddable":true,"href":"https:\/\/www.heronaviation.com\/es\/wp-json\/wp\/v2\/comments?post=8522"}],"version-history":[{"count":16,"href":"https:\/\/www.heronaviation.com\/es\/wp-json\/wp\/v2\/pages\/8522\/revisions"}],"predecessor-version":[{"id":14990,"href":"https:\/\/www.heronaviation.com\/es\/wp-json\/wp\/v2\/pages\/8522\/revisions\/14990"}],"wp:featuredmedia":[{"embeddable":true,"href":"https:\/\/www.heronaviation.com\/es\/wp-json\/wp\/v2\/media\/11821"}],"wp:attachment":[{"href":"https:\/\/www.heronaviation.com\/es\/wp-json\/wp\/v2\/media?parent=8522"}],"curies":[{"name":"wp","href":"https:\/\/api.w.org\/{rel}","templated":true}]}}